{"id":2411,"date":"2024-10-19T09:11:07","date_gmt":"2024-10-19T09:11:07","guid":{"rendered":"https:\/\/kardiologe-pichler.at\/pie-de-imprenta\/"},"modified":"2026-01-15T13:05:38","modified_gmt":"2026-01-15T13:05:38","slug":"pie-de-imprenta","status":"publish","type":"page","link":"https:\/\/kardiologe-pichler.at\/es\/pie-de-imprenta\/","title":{"rendered":"Pie de imprenta"},"content":{"rendered":"\t\t<div data-elementor-type=\"wp-page\" data-elementor-id=\"2411\" class=\"elementor elementor-2411 elementor-1723\" data-elementor-post-type=\"page\">\n\t\t\t\t<div class=\"elementor-element elementor-element-a53c0b2 e-flex e-con-boxed e-con e-parent\" data-id=\"a53c0b2\" data-element_type=\"container\" data-e-type=\"container\">\n\t\t\t\t\t<div class=\"e-con-inner\">\n\t\t\t\t<div class=\"elementor-element elementor-element-ab7532f elementor-widget elementor-widget-text-editor\" data-id=\"ab7532f\" data-element_type=\"widget\" data-e-type=\"widget\" data-widget_type=\"text-editor.default\">\n\t\t\t\t<div class=\"elementor-widget-container\">\n\t\t\t\t\t\t\t\t\t<p><span style=\"font-weight: 400;\">Informaci\u00f3n y divulgaci\u00f3n seg\u00fan el art\u00edculo 5 (1) de la ECG, el art\u00edculo 25 de la MedienG, el art\u00edculo 63 de la GewO y el art\u00edculo 14 de la UGB<\/span><\/p>\n<p><b>Nombre y direcci\u00f3n<\/b><\/p>\n<p><span style=\"font-weight: 400;\">OA Priv.-Doz. Dr. Gernot Pichler, MSc FESC<\/span><span style=\"font-weight: 400;\"><br \/><\/span><span style=\"font-weight: 400;\">Kurbadstra\u00dfe 14, 4\u00aa planta, 1100 Viena<\/span><span style=\"font-weight: 400;\"><br \/><\/span><span style=\"font-weight: 400;\">Austria<\/span><\/p>\n<p><span style=\"font-weight: 400;\">Tel\u00e9fono: <span class=\"elementor-icon-list-text\">+43 (1) 361 6810 30<\/span><\/span><\/p>\n<p><span style=\"font-weight: 400;\">Correo electr\u00f3nico: ordination@kardiologe-pichler.at<\/span><span style=\"font-weight: 400;\"><br \/><\/span><span style=\"font-weight: 400;\">P\u00e1gina web: kardiologe-pichler.at<\/span><\/p>\n<p><b>Objeto de la empresa<\/b><b><br \/><\/b><span style=\"font-weight: 400;\">Explotaci\u00f3n de un consultorio m\u00e9dico de cardiolog\u00eda y medicina interna <\/span> <\/p>\n<p><b>T\u00edtulo profesional<\/b><b><br \/><\/b><span style=\"font-weight: 400;\">Especialista en medicina interna (y cardiolog\u00eda), otorgado en Austria<\/span><\/p>\n<p><b>Legislaci\u00f3n aplicable<\/b><b><br \/><\/b><span style=\"font-weight: 400;\">Ley Federal sobre el Ejercicio de la Medicina<\/span><span style=\"font-weight: 400;\"><br \/><\/span><span style=\"font-weight: 400;\">(\u00c4rzteG 1998): disponible en <\/span><a href=\"https:\/\/www.ris.bka.gv.at\/\"><span style=\"font-weight: 400;\">https:\/\/www.ris.bka.gv.at\/<\/span><\/a><span style=\"font-weight: 400;\"> <\/span><\/p>\n<p><b>Afiliaci\u00f3n a la C\u00e1mara<\/b><b><br \/><\/b><span style=\"font-weight: 400;\">C\u00e1mara de M\u00e9dicos de Austria, Weihburggasse 10-12, A-1010 Viena (<\/span><a href=\"https:\/\/www.aerztekammer.at\/\"><span style=\"font-weight: 400;\">www.aerztekammer.at<\/span><\/a><span style=\"font-weight: 400;\">)<\/span><\/p>\n<p><b>Responsable del contenido<\/b><b><br \/><\/b><span style=\"font-weight: 400;\">OA Priv.-Doz. DDr Gernot Pichler, MSc FESC<\/span><\/p>\n<p><b>Concepto, dise\u00f1o y realizaci\u00f3n<\/b><b><br \/><\/b><span style=\"font-weight: 400;\">MedicMedia, <\/span><a href=\"https:\/\/medicmedia.at\/\"><span style=\"font-weight: 400;\">medicmedia.at<\/span><\/a><\/p>\n<p><b>Tecnolog\u00eda<\/b><span style=\"font-weight: 400;\"><br \/><\/span><span style=\"font-weight: 400;\">WordPress <\/span><a href=\"https:\/\/wordpress.com\/\"><span style=\"font-weight: 400;\">wordpress.com<\/span><\/a><\/p>\n<p><b>Fotos<\/b><b><br \/><\/b><span style=\"font-weight: 400;\">OA Priv.-Doz. DDr Gernot Pichler, MSc FESC<\/span><\/p>\n<p><b>Resoluci\u00f3n de litigios en l\u00ednea:<\/b><span style=\"font-weight: 400;\">  Los consumidores establecidos en Austria o en otro Estado contratante del Reglamento RLL tienen la oportunidad de resolver problemas relacionados con la compra de bienes o servicios a t\u00edtulo oneroso mediante la resoluci\u00f3n de litigios en l\u00ednea (de acuerdo con la RLL, AStG). La Comisi\u00f3n Europea proporciona una plataforma para este fin:   <\/span><a href=\"https:\/\/ec.europa.eu\/consumers\/odr\/main\/index.cfm?event=main.home.chooseLanguage\"><span style=\"font-weight: 400;\">https:\/\/ec.europa.eu\/consumers\/odr\/main\/index.cfm?event=main.home.chooseLanguage<\/span><\/a><span style=\"font-weight: 400;\"> <\/span><\/p>\n<p><b>Derechos de autor:<\/b><span style=\"font-weight: 400;\">  Los contenidos de este sitio web est\u00e1n, en la medida de lo legalmente posible, sujetos a diversos derechos de propiedad (por ejemplo, derechos de autor). Cualquier uso\/distribuci\u00f3n del material proporcionado que est\u00e9 prohibido por la ley de derechos de autor requiere el consentimiento por escrito del operador del sitio web. <\/span><\/p>\n<p><b>Descargo de responsabilidad:<\/b><span style=\"font-weight: 400;\">  No se asume ninguna responsabilidad por la actualidad, exactitud e integridad de la informaci\u00f3n proporcionada en este sitio web. Quedan fundamentalmente excluidas las reclamaciones de responsabilidad relativas a da\u00f1os materiales o inmateriales causados por la informaci\u00f3n facilitada. Todas las ofertas est\u00e1n sujetas a cambios y no son vinculantes. Nos reservamos expresamente el derecho a modificar, completar o eliminar partes de las p\u00e1ginas o la oferta completa sin previo aviso, o a suspender temporal o definitivamente la publicaci\u00f3n.   <\/span><\/p>\n<p><b>Enlaces externos:<\/b><span style=\"font-weight: 400;\">  A pesar del cuidadoso control del contenido, el operador de este sitio web no acepta ninguna responsabilidad por el contenido de los enlaces externos. Los operadores de las p\u00e1ginas enlazadas son los \u00fanicos responsables de su contenido. No obstante, si tuvieras conocimiento de enlaces salientes que remiten a un sitio web con actividad\/informaci\u00f3n ilegal, te rogamos que nos lo comuniques para que podamos eliminarlos inmediatamente de acuerdo con el \u00a7 17 P\u00e1rr. 2 ECG. El operador de este sitio web respeta los derechos de autor de terceros con el m\u00e1ximo cuidado. Si, a pesar de ello, tuvieras conocimiento de una infracci\u00f3n de los derechos de autor, te rogamos que nos lo comuniques. En cuanto tengamos conocimiento de tales infracciones, eliminaremos inmediatamente el contenido en cuesti\u00f3n.      <\/span><\/p>\n<p><span style=\"font-weight: 400;\">Fuente: a.o. <\/span><a href=\"https:\/\/www.fairesrecht.at\/\"><span style=\"font-weight: 400;\">fairesRecht.at<\/span><\/a><\/p>\n\t\t\t\t\t\t\t\t<\/div>\n\t\t\t\t<\/div>\n\t\t\t\t\t<\/div>\n\t\t\t\t<\/div>\n\t\t\t\t<\/div>\n\t\t","protected":false},"excerpt":{"rendered":"<p>Informaci\u00f3n y divulgaci\u00f3n seg\u00fan el art\u00edculo 5 (1) de la ECG, el art\u00edculo 25 de la MedienG, el art\u00edculo 63&#8230;<\/p>\n","protected":false},"author":2,"featured_media":0,"parent":0,"menu_order":0,"comment_status":"closed","ping_status":"closed","template":"","meta":{"footnotes":""},"class_list":["post-2411","page","type-page","status-publish","hentry"],"yoast_head":"<!-- This site is optimized with the Yoast SEO plugin v27.4 - https:\/\/yoast.com\/product\/yoast-seo-wordpress\/ -->\n<title>Pie de imprenta - Priv.-Doz. DDr. Gernot Pichler, MSc<\/title>\n<meta name=\"robots\" content=\"noindex, follow\" \/>\n<meta property=\"og:locale\" content=\"es_ES\" \/>\n<meta property=\"og:type\" content=\"article\" \/>\n<meta property=\"og:title\" content=\"Pie de imprenta - Priv.-Doz. DDr. Gernot Pichler, MSc\" \/>\n<meta property=\"og:description\" content=\"Informaci\u00f3n y divulgaci\u00f3n seg\u00fan el art\u00edculo 5 (1) de la ECG, el art\u00edculo 25 de la MedienG, el art\u00edculo 63...\" \/>\n<meta property=\"og:url\" content=\"https:\/\/kardiologe-pichler.at\/es\/pie-de-imprenta\/\" \/>\n<meta property=\"og:site_name\" content=\"Priv.-Doz. DDr. Gernot Pichler, MSc\" \/>\n<meta property=\"article:modified_time\" content=\"2026-01-15T13:05:38+00:00\" \/>\n<meta name=\"twitter:card\" content=\"summary_large_image\" \/>\n<meta name=\"twitter:label1\" content=\"Tiempo de lectura\" \/>\n\t<meta name=\"twitter:data1\" content=\"3 minutos\" \/>\n<script type=\"application\/ld+json\" class=\"yoast-schema-graph\">{\"@context\":\"https:\\\/\\\/schema.org\",\"@graph\":[{\"@type\":\"WebPage\",\"@id\":\"https:\\\/\\\/kardiologe-pichler.at\\\/es\\\/pie-de-imprenta\\\/\",\"url\":\"https:\\\/\\\/kardiologe-pichler.at\\\/es\\\/pie-de-imprenta\\\/\",\"name\":\"Pie de imprenta - Priv.-Doz. DDr. Gernot Pichler, MSc\",\"isPartOf\":{\"@id\":\"https:\\\/\\\/kardiologe-pichler.at\\\/es\\\/#website\"},\"datePublished\":\"2024-10-19T09:11:07+00:00\",\"dateModified\":\"2026-01-15T13:05:38+00:00\",\"breadcrumb\":{\"@id\":\"https:\\\/\\\/kardiologe-pichler.at\\\/es\\\/pie-de-imprenta\\\/#breadcrumb\"},\"inLanguage\":\"es\",\"potentialAction\":[{\"@type\":\"ReadAction\",\"target\":[\"https:\\\/\\\/kardiologe-pichler.at\\\/es\\\/pie-de-imprenta\\\/\"]}]},{\"@type\":\"BreadcrumbList\",\"@id\":\"https:\\\/\\\/kardiologe-pichler.at\\\/es\\\/pie-de-imprenta\\\/#breadcrumb\",\"itemListElement\":[{\"@type\":\"ListItem\",\"position\":1,\"name\":\"Home\",\"item\":\"https:\\\/\\\/kardiologe-pichler.at\\\/es\\\/\"},{\"@type\":\"ListItem\",\"position\":2,\"name\":\"Pie de imprenta\"}]},{\"@type\":\"WebSite\",\"@id\":\"https:\\\/\\\/kardiologe-pichler.at\\\/es\\\/#website\",\"url\":\"https:\\\/\\\/kardiologe-pichler.at\\\/es\\\/\",\"name\":\"Priv.-Doz. DDr. Gernot Pichler, MSc\",\"description\":\"\",\"potentialAction\":[{\"@type\":\"SearchAction\",\"target\":{\"@type\":\"EntryPoint\",\"urlTemplate\":\"https:\\\/\\\/kardiologe-pichler.at\\\/es\\\/?s={search_term_string}\"},\"query-input\":{\"@type\":\"PropertyValueSpecification\",\"valueRequired\":true,\"valueName\":\"search_term_string\"}}],\"inLanguage\":\"es\"}]}<\/script>\n<!-- \/ Yoast SEO plugin. -->","yoast_head_json":{"title":"Pie de imprenta - Priv.-Doz. DDr. Gernot Pichler, MSc","robots":{"index":"noindex","follow":"follow"},"og_locale":"es_ES","og_type":"article","og_title":"Pie de imprenta - Priv.-Doz. DDr. Gernot Pichler, MSc","og_description":"Informaci\u00f3n y divulgaci\u00f3n seg\u00fan el art\u00edculo 5 (1) de la ECG, el art\u00edculo 25 de la MedienG, el art\u00edculo 63...","og_url":"https:\/\/kardiologe-pichler.at\/es\/pie-de-imprenta\/","og_site_name":"Priv.-Doz. DDr. Gernot Pichler, MSc","article_modified_time":"2026-01-15T13:05:38+00:00","twitter_card":"summary_large_image","twitter_misc":{"Tiempo de lectura":"3 minutos"},"schema":{"@context":"https:\/\/schema.org","@graph":[{"@type":"WebPage","@id":"https:\/\/kardiologe-pichler.at\/es\/pie-de-imprenta\/","url":"https:\/\/kardiologe-pichler.at\/es\/pie-de-imprenta\/","name":"Pie de imprenta - Priv.-Doz. DDr. Gernot Pichler, MSc","isPartOf":{"@id":"https:\/\/kardiologe-pichler.at\/es\/#website"},"datePublished":"2024-10-19T09:11:07+00:00","dateModified":"2026-01-15T13:05:38+00:00","breadcrumb":{"@id":"https:\/\/kardiologe-pichler.at\/es\/pie-de-imprenta\/#breadcrumb"},"inLanguage":"es","potentialAction":[{"@type":"ReadAction","target":["https:\/\/kardiologe-pichler.at\/es\/pie-de-imprenta\/"]}]},{"@type":"BreadcrumbList","@id":"https:\/\/kardiologe-pichler.at\/es\/pie-de-imprenta\/#breadcrumb","itemListElement":[{"@type":"ListItem","position":1,"name":"Home","item":"https:\/\/kardiologe-pichler.at\/es\/"},{"@type":"ListItem","position":2,"name":"Pie de imprenta"}]},{"@type":"WebSite","@id":"https:\/\/kardiologe-pichler.at\/es\/#website","url":"https:\/\/kardiologe-pichler.at\/es\/","name":"Priv.-Doz. DDr. Gernot Pichler, MSc","description":"","potentialAction":[{"@type":"SearchAction","target":{"@type":"EntryPoint","urlTemplate":"https:\/\/kardiologe-pichler.at\/es\/?s={search_term_string}"},"query-input":{"@type":"PropertyValueSpecification","valueRequired":true,"valueName":"search_term_string"}}],"inLanguage":"es"}]}},"_links":{"self":[{"href":"https:\/\/kardiologe-pichler.at\/es\/wp-json\/wp\/v2\/pages\/2411","targetHints":{"allow":["GET"]}}],"collection":[{"href":"https:\/\/kardiologe-pichler.at\/es\/wp-json\/wp\/v2\/pages"}],"about":[{"href":"https:\/\/kardiologe-pichler.at\/es\/wp-json\/wp\/v2\/types\/page"}],"author":[{"embeddable":true,"href":"https:\/\/kardiologe-pichler.at\/es\/wp-json\/wp\/v2\/users\/2"}],"replies":[{"embeddable":true,"href":"https:\/\/kardiologe-pichler.at\/es\/wp-json\/wp\/v2\/comments?post=2411"}],"version-history":[{"count":0,"href":"https:\/\/kardiologe-pichler.at\/es\/wp-json\/wp\/v2\/pages\/2411\/revisions"}],"wp:attachment":[{"href":"https:\/\/kardiologe-pichler.at\/es\/wp-json\/wp\/v2\/media?parent=2411"}],"curies":[{"name":"wp","href":"https:\/\/api.w.org\/{rel}","templated":true}]}}